{"id":13,"date":"2021-02-09T00:49:42","date_gmt":"2021-02-08T23:49:42","guid":{"rendered":"http:\/\/visit-wilderness.com\/no\/?page_id=13"},"modified":"2024-03-21T18:26:50","modified_gmt":"2024-03-21T17:26:50","slug":"startside","status":"publish","type":"page","link":"http:\/\/visit-wilderness.com\/no\/","title":{"rendered":"Startside"},"content":{"rendered":"\n<h2 class=\"wp-block-heading\" id=\"velkommen-pa-tverstoyl\">Velkommen p\u00e5 Tverst\u00f8yl! <em>Welcome to Tverstst\u00f8yl!<\/em><\/h2>\n\n\n\n<p>Her er det mulighet for mange spennende aktiviteter og en koselig overnatting i v\u00e5re hytter.<em> \/ <\/em>              <em>We have a lot of exciting activities and a place to stay in our cabins. <\/em><\/p>\n\n\n\n<p><strong>Forh\u00e5ndbestille <\/strong>turen eller hytter. Vi har ingen mulighet \u00e5 ta imot &#8222;drop-inn&#8220;-gjester! \/                          <em><strong>Pre-order <\/strong>the trip or the cabins. We do not have the possibility to take &#8222;drop-ins&#8220;. <\/em><\/p>\n\n\n\n<div class=\"wp-block-columns is-layout-flex wp-container-core-columns-is-layout-1 wp-block-columns-is-layout-flex\">\n<div class=\"wp-block-column is-vertically-aligned-top is-layout-flow wp-block-column-is-layout-flow\">\n<div class=\"wp-block-image\"><figure class=\"aligncenter size-large\"><a href=\"http:\/\/visit-wilderness.com\/no\/pil-og-bue\/\"><img loading=\"lazy\" decoding=\"async\" width=\"900\" height=\"900\" src=\"http:\/\/visit-wilderness.com\/no\/wp-content\/uploads\/sites\/2\/2021\/02\/DSC_0096-1500x991-1-e1472329724233.jpg\" alt=\"\" class=\"wp-image-91\" srcset=\"http:\/\/visit-wilderness.com\/no\/wp-content\/uploads\/sites\/2\/2021\/02\/DSC_0096-1500x991-1-e1472329724233.jpg 900w, http:\/\/visit-wilderness.com\/no\/wp-content\/uploads\/sites\/2\/2021\/02\/DSC_0096-1500x991-1-e1472329724233-300x300.jpg 300w, http:\/\/visit-wilderness.com\/no\/wp-content\/uploads\/sites\/2\/2021\/02\/DSC_0096-1500x991-1-e1472329724233-150x150.jpg 150w, http:\/\/visit-wilderness.com\/no\/wp-content\/uploads\/sites\/2\/2021\/02\/DSC_0096-1500x991-1-e1472329724233-768x768.jpg 768w\" sizes=\"auto, (max-width: 900px) 100vw, 900px\" \/><\/a><figcaption><a href=\"http:\/\/visit-wilderness.com\/no\/pil-og-bue\/\">Pil og bue \/ <em>Archery<\/em><\/a><\/figcaption><\/figure><\/div>\n<\/div>\n\n\n\n<div class=\"wp-block-column is-layout-flow wp-block-column-is-layout-flow\">\n<div class=\"wp-block-image\"><figure class=\"aligncenter size-large\"><a href=\"http:\/\/visit-wilderness.com\/no\/klatring\/\"><img loading=\"lazy\" decoding=\"async\" width=\"900\" height=\"900\" src=\"http:\/\/visit-wilderness.com\/no\/wp-content\/uploads\/sites\/2\/2021\/02\/IMG_4152b-e1472325851761.jpg\" alt=\"\" class=\"wp-image-101\" srcset=\"http:\/\/visit-wilderness.com\/no\/wp-content\/uploads\/sites\/2\/2021\/02\/IMG_4152b-e1472325851761.jpg 900w, http:\/\/visit-wilderness.com\/no\/wp-content\/uploads\/sites\/2\/2021\/02\/IMG_4152b-e1472325851761-300x300.jpg 300w, http:\/\/visit-wilderness.com\/no\/wp-content\/uploads\/sites\/2\/2021\/02\/IMG_4152b-e1472325851761-150x150.jpg 150w, http:\/\/visit-wilderness.com\/no\/wp-content\/uploads\/sites\/2\/2021\/02\/IMG_4152b-e1472325851761-768x768.jpg 768w\" sizes=\"auto, (max-width: 900px) 100vw, 900px\" \/><\/a><figcaption><a href=\"http:\/\/visit-wilderness.com\/no\/klatring\/\">Klatring \/ <em>Climbing<\/em><\/a><\/figcaption><\/figure><\/div>\n<\/div>\n<\/div>\n\n\n\n<div class=\"wp-block-columns is-layout-flex wp-container-core-columns-is-layout-2 wp-block-columns-is-layout-flex\">\n<div class=\"wp-block-column is-layout-flow wp-block-column-is-layout-flow\">\n<div class=\"wp-block-image\"><figure class=\"aligncenter size-large\"><a href=\"http:\/\/visit-wilderness.com\/no\/kano\/\"><img loading=\"lazy\" decoding=\"async\" width=\"1024\" height=\"768\" src=\"http:\/\/visit-wilderness.com\/no\/wp-content\/uploads\/sites\/2\/2021\/02\/IMG_4905-1024x768.jpg\" alt=\"\" class=\"wp-image-42\" srcset=\"http:\/\/visit-wilderness.com\/no\/wp-content\/uploads\/sites\/2\/2021\/02\/IMG_4905-1024x768.jpg 1024w, http:\/\/visit-wilderness.com\/no\/wp-content\/uploads\/sites\/2\/2021\/02\/IMG_4905-300x225.jpg 300w, http:\/\/visit-wilderness.com\/no\/wp-content\/uploads\/sites\/2\/2021\/02\/IMG_4905-768x576.jpg 768w, http:\/\/visit-wilderness.com\/no\/wp-content\/uploads\/sites\/2\/2021\/02\/IMG_4905-1536x1152.jpg 1536w, http:\/\/visit-wilderness.com\/no\/wp-content\/uploads\/sites\/2\/2021\/02\/IMG_4905-2048x1536.jpg 2048w\" sizes=\"auto, (max-width: 1024px) 100vw, 1024px\" \/><\/a><figcaption><a href=\"http:\/\/visit-wilderness.com\/no\/kano\/\">Kano \/ <em>Canoe<\/em><\/a><\/figcaption><\/figure><\/div>\n<\/div>\n\n\n\n<div class=\"wp-block-column is-layout-flow wp-block-column-is-layout-flow\">\n<div class=\"wp-block-image\"><figure class=\"aligncenter size-large\"><a href=\"http:\/\/visit-wilderness.com\/no\/hytter\/\"><img loading=\"lazy\" decoding=\"async\" width=\"1024\" height=\"768\" src=\"http:\/\/visit-wilderness.com\/no\/wp-content\/uploads\/sites\/2\/2021\/02\/IMG_1273-1024x768.jpg\" alt=\"\" class=\"wp-image-59\" srcset=\"http:\/\/visit-wilderness.com\/no\/wp-content\/uploads\/sites\/2\/2021\/02\/IMG_1273-1024x768.jpg 1024w, http:\/\/visit-wilderness.com\/no\/wp-content\/uploads\/sites\/2\/2021\/02\/IMG_1273-300x225.jpg 300w, http:\/\/visit-wilderness.com\/no\/wp-content\/uploads\/sites\/2\/2021\/02\/IMG_1273-768x576.jpg 768w, http:\/\/visit-wilderness.com\/no\/wp-content\/uploads\/sites\/2\/2021\/02\/IMG_1273-1536x1152.jpg 1536w, http:\/\/visit-wilderness.com\/no\/wp-content\/uploads\/sites\/2\/2021\/02\/IMG_1273-2048x1536.jpg 2048w\" sizes=\"auto, (max-width: 1024px) 100vw, 1024px\" \/><\/a><figcaption><a href=\"http:\/\/visit-wilderness.com\/no\/hytter\/\">Hytter \/ <em>Cabins<\/em><\/a><\/figcaption><\/figure><\/div>\n<\/div>\n<\/div>\n\n\n\n<p><strong>Sesong fra mai til oktober \/ <em>Season from Mai to October<\/em><\/strong><\/p>\n\n\n\n<p>Visit Wilderness \u2013 aktiviteter i naturen \/ <em>outdoor activities<\/em><\/p>\n\n\n\n<p>Opplev spennende villmarksaktiviteter p\u00e5 vann, p\u00e5 fjell og p\u00e5 Tverst\u00f8yl. \/                                           <em>Experience exciting outdoor activities on the rivers and mountains of Norway, and in Tverst\u00f8yl.<\/em><\/p>\n","protected":false},"excerpt":{"rendered":"<p>Velkommen p\u00e5 Tverst\u00f8yl! Welcome to Tverstst\u00f8yl! Her er det mulighet for mange spennende aktiviteter og en koselig overnatting i v\u00e5re hytter. \/ We have a lot of exciting activities and a place to stay in our cabins. Forh\u00e5ndbestille turen eller hytter. Vi har ingen mulighet \u00e5 ta imot &#8222;drop-inn&#8220;-gjester! \/ Pre-order the trip or the [&hellip;]<\/p>\n","protected":false},"author":1,"featured_media":0,"parent":0,"menu_order":0,"comment_status":"closed","ping_status":"closed","template":"","meta":{"footnotes":""},"class_list":["post-13","page","type-page","status-publish","hentry"],"_links":{"self":[{"href":"http:\/\/visit-wilderness.com\/no\/wp-json\/wp\/v2\/pages\/13","targetHints":{"allow":["GET"]}}],"collection":[{"href":"http:\/\/visit-wilderness.com\/no\/wp-json\/wp\/v2\/pages"}],"about":[{"href":"http:\/\/visit-wilderness.com\/no\/wp-json\/wp\/v2\/types\/page"}],"author":[{"embeddable":true,"href":"http:\/\/visit-wilderness.com\/no\/wp-json\/wp\/v2\/users\/1"}],"replies":[{"embeddable":true,"href":"http:\/\/visit-wilderness.com\/no\/wp-json\/wp\/v2\/comments?post=13"}],"version-history":[{"count":10,"href":"http:\/\/visit-wilderness.com\/no\/wp-json\/wp\/v2\/pages\/13\/revisions"}],"predecessor-version":[{"id":280,"href":"http:\/\/visit-wilderness.com\/no\/wp-json\/wp\/v2\/pages\/13\/revisions\/280"}],"wp:attachment":[{"href":"http:\/\/visit-wilderness.com\/no\/wp-json\/wp\/v2\/media?parent=13"}],"curies":[{"name":"wp","href":"https:\/\/api.w.org\/{rel}","templated":true}]}}