{"id":15,"date":"2021-02-09T00:50:20","date_gmt":"2021-02-08T23:50:20","guid":{"rendered":"http:\/\/visit-wilderness.com\/no\/?page_id=15"},"modified":"2025-06-03T18:52:22","modified_gmt":"2025-06-03T16:52:22","slug":"pil-og-bue","status":"publish","type":"page","link":"http:\/\/visit-wilderness.com\/no\/pil-og-bue\/","title":{"rendered":"Pil og bue p\u00e5 Tverst\u00f8yl \/ Archery  Mai &#8211; Oktober"},"content":{"rendered":"\n<h4 class=\"wp-block-heading\">Ta buen &#8211; la pilen g\u00e5&#8230; midt i blinken! En g\u00f8y aktivitet for hele familien.&nbsp;<\/h4>\n\n\n\n<p><em><strong>Take aim &#8211; let the arrow fly&#8230; bullseye! A fun activity for the whole family. <\/strong><\/em><\/p>\n\n\n\n<p>En time pil og bueskyting med instruksjon. P\u00e5 plenen i n\u00e6rheten av hyttene \u00f8ver du deg p\u00e5 forskjellige blink med tilpasset utfordring. \/                                                                                                                 <em>One hour of archery with instruction. You get to practice on our field with different targets and challenges. <\/em><\/p>\n\n\n\n<p><strong>Pris\/pers: 150,- kr (ved minst 3 personer) \/ <em>Price\/person: 150kr (<\/em>minimum 3 people<\/strong>)<\/p>\n\n\n\n<p>Du b\u00f8r ringe p\u00e5 forh\u00e5nd og avtale dag og tid. Ikke &#8222;drop-inn&#8220; i hovedsesongen!!! \/ <em>Please call us ahead of time to agree on the schedule. We can not take &#8222;drop-ins&#8220;!<\/em><\/p>\n\n\n\n<figure class=\"wp-block-gallery has-nested-images columns-2 is-cropped wp-block-gallery-1 is-layout-flex wp-block-gallery-is-layout-flex\">\n<figure class=\"wp-block-image size-large\"><img loading=\"lazy\" decoding=\"async\" width=\"2560\" height=\"1696\" data-id=\"158\" src=\"http:\/\/visit-wilderness.com\/no\/wp-content\/uploads\/sites\/2\/2021\/02\/DSC_0097-1-scaled.jpg\" alt=\"\" class=\"wp-image-158\" srcset=\"http:\/\/visit-wilderness.com\/no\/wp-content\/uploads\/sites\/2\/2021\/02\/DSC_0097-1-scaled.jpg 2560w, http:\/\/visit-wilderness.com\/no\/wp-content\/uploads\/sites\/2\/2021\/02\/DSC_0097-1-300x199.jpg 300w, http:\/\/visit-wilderness.com\/no\/wp-content\/uploads\/sites\/2\/2021\/02\/DSC_0097-1-1024x678.jpg 1024w, http:\/\/visit-wilderness.com\/no\/wp-content\/uploads\/sites\/2\/2021\/02\/DSC_0097-1-768x509.jpg 768w, http:\/\/visit-wilderness.com\/no\/wp-content\/uploads\/sites\/2\/2021\/02\/DSC_0097-1-1536x1017.jpg 1536w, http:\/\/visit-wilderness.com\/no\/wp-content\/uploads\/sites\/2\/2021\/02\/DSC_0097-1-2048x1356.jpg 2048w\" sizes=\"auto, (max-width: 2560px) 100vw, 2560px\" \/><\/figure>\n\n\n\n<figure class=\"wp-block-image size-large\"><img loading=\"lazy\" decoding=\"async\" width=\"900\" height=\"900\" data-id=\"91\" src=\"http:\/\/visit-wilderness.com\/no\/wp-content\/uploads\/sites\/2\/2021\/02\/DSC_0096-1500x991-1-e1472329724233.jpg\" alt=\"\" class=\"wp-image-91\" srcset=\"http:\/\/visit-wilderness.com\/no\/wp-content\/uploads\/sites\/2\/2021\/02\/DSC_0096-1500x991-1-e1472329724233.jpg 900w, http:\/\/visit-wilderness.com\/no\/wp-content\/uploads\/sites\/2\/2021\/02\/DSC_0096-1500x991-1-e1472329724233-300x300.jpg 300w, http:\/\/visit-wilderness.com\/no\/wp-content\/uploads\/sites\/2\/2021\/02\/DSC_0096-1500x991-1-e1472329724233-150x150.jpg 150w, http:\/\/visit-wilderness.com\/no\/wp-content\/uploads\/sites\/2\/2021\/02\/DSC_0096-1500x991-1-e1472329724233-768x768.jpg 768w\" sizes=\"auto, (max-width: 900px) 100vw, 900px\" \/><\/figure>\n\n\n\n<figure class=\"wp-block-image size-large\"><img loading=\"lazy\" decoding=\"async\" width=\"1200\" height=\"795\" data-id=\"90\" src=\"http:\/\/visit-wilderness.com\/no\/wp-content\/uploads\/sites\/2\/2021\/02\/DSC_0088-e1464813087906.jpg\" alt=\"\" class=\"wp-image-90\" srcset=\"http:\/\/visit-wilderness.com\/no\/wp-content\/uploads\/sites\/2\/2021\/02\/DSC_0088-e1464813087906.jpg 1200w, http:\/\/visit-wilderness.com\/no\/wp-content\/uploads\/sites\/2\/2021\/02\/DSC_0088-e1464813087906-300x199.jpg 300w, http:\/\/visit-wilderness.com\/no\/wp-content\/uploads\/sites\/2\/2021\/02\/DSC_0088-e1464813087906-1024x678.jpg 1024w, http:\/\/visit-wilderness.com\/no\/wp-content\/uploads\/sites\/2\/2021\/02\/DSC_0088-e1464813087906-768x509.jpg 768w\" sizes=\"auto, (max-width: 1200px) 100vw, 1200px\" \/><\/figure>\n<\/figure>\n\n\n\n<h2 class=\"wp-block-heading\">3D Parkur med pil og bue i skogen! \/ <em>3D Archery Parcours through the woods! <\/em><\/h2>\n\n\n\n<p>Pil og bue parkuren tilbyr en unik jaktopplevelse for hele familien. P\u00e5 den 2km lange turen bak hyttene gjennom skogen finnes 14 stasjoner med tredimensjonale dyr av spesialskum. Fint utsiktsplass med gapahuk for \u00e5 ha en liten pause mitt i parkuren. Hvor mange kan du treffe?<\/p>\n\n\n\n<p><em>The archery parcours offers a unique hunting experience for the whole family. The 2km long walk through the forrest near our cabbins includes 14 three-dimensional animals made of special foam. The route includes a viewpoint with a small cottage to have a break during the activity. How many can you hit?<\/em> <\/p>\n\n\n\n<p><strong>En runde i parkuren: 150kr\/pers \/ <em>One round in the parcours: 150kr\/person<\/em><\/strong><\/p>\n\n\n\n<p>Utleie av bue, piler, etc.: 100kr\/pers \/ <em>Rental of bow, arrows, etc.: 100kr\/person<\/em><\/p>\n\n\n\n<p>Skadete eller tapte piler m\u00e5 erstattes: 80,-kr\/pil \/ <em>Damaged or lost arrows have to be replaced: 80kr\/arrow<\/em><\/p>\n\n\n\n<figure class=\"wp-block-gallery has-nested-images columns-default is-cropped wp-block-gallery-2 is-layout-flex wp-block-gallery-is-layout-flex\">\n<figure class=\"wp-block-image size-large\"><img loading=\"lazy\" decoding=\"async\" width=\"900\" height=\"795\" data-id=\"34\" src=\"http:\/\/visit-wilderness.com\/no\/wp-content\/uploads\/sites\/2\/2021\/02\/Bogen-Seite-1.jpg\" alt=\"\" class=\"wp-image-34\" srcset=\"http:\/\/visit-wilderness.com\/no\/wp-content\/uploads\/sites\/2\/2021\/02\/Bogen-Seite-1.jpg 900w, http:\/\/visit-wilderness.com\/no\/wp-content\/uploads\/sites\/2\/2021\/02\/Bogen-Seite-1-300x265.jpg 300w, http:\/\/visit-wilderness.com\/no\/wp-content\/uploads\/sites\/2\/2021\/02\/Bogen-Seite-1-768x678.jpg 768w\" sizes=\"auto, (max-width: 900px) 100vw, 900px\" \/><\/figure>\n\n\n\n<figure class=\"wp-block-image size-large\"><img loading=\"lazy\" decoding=\"async\" width=\"900\" height=\"795\" data-id=\"35\" src=\"http:\/\/visit-wilderness.com\/no\/wp-content\/uploads\/sites\/2\/2021\/02\/Bogen-Seite-2.jpg\" alt=\"\" class=\"wp-image-35\" srcset=\"http:\/\/visit-wilderness.com\/no\/wp-content\/uploads\/sites\/2\/2021\/02\/Bogen-Seite-2.jpg 900w, http:\/\/visit-wilderness.com\/no\/wp-content\/uploads\/sites\/2\/2021\/02\/Bogen-Seite-2-300x265.jpg 300w, http:\/\/visit-wilderness.com\/no\/wp-content\/uploads\/sites\/2\/2021\/02\/Bogen-Seite-2-768x678.jpg 768w\" sizes=\"auto, (max-width: 900px) 100vw, 900px\" \/><\/figure>\n<\/figure>\n\n\n\n<figure class=\"wp-block-gallery has-nested-images columns-default is-cropped wp-block-gallery-3 is-layout-flex wp-block-gallery-is-layout-flex\">\n<figure class=\"wp-block-image size-large\"><img loading=\"lazy\" decoding=\"async\" width=\"1024\" height=\"683\" data-id=\"247\" src=\"http:\/\/visit-wilderness.com\/no\/wp-content\/uploads\/sites\/2\/2023\/01\/Bogen-Pfeil-1024x683.jpg\" alt=\"\" class=\"wp-image-247\" srcset=\"http:\/\/visit-wilderness.com\/no\/wp-content\/uploads\/sites\/2\/2023\/01\/Bogen-Pfeil-1024x683.jpg 1024w, http:\/\/visit-wilderness.com\/no\/wp-content\/uploads\/sites\/2\/2023\/01\/Bogen-Pfeil-300x200.jpg 300w, http:\/\/visit-wilderness.com\/no\/wp-content\/uploads\/sites\/2\/2023\/01\/Bogen-Pfeil-768x512.jpg 768w, http:\/\/visit-wilderness.com\/no\/wp-content\/uploads\/sites\/2\/2023\/01\/Bogen-Pfeil-1536x1024.jpg 1536w, http:\/\/visit-wilderness.com\/no\/wp-content\/uploads\/sites\/2\/2023\/01\/Bogen-Pfeil-2048x1365.jpg 2048w\" sizes=\"auto, (max-width: 1024px) 100vw, 1024px\" \/><\/figure>\n<\/figure>\n","protected":false},"excerpt":{"rendered":"<p>Ta buen &#8211; la pilen g\u00e5&#8230; midt i blinken! En g\u00f8y aktivitet for hele familien.&nbsp; Take aim &#8211; let the arrow fly&#8230; bullseye! A fun activity for the whole family. En time pil og bueskyting med instruksjon. P\u00e5 plenen i n\u00e6rheten av hyttene \u00f8ver du deg p\u00e5 forskjellige blink med tilpasset utfordring. \/ One hour [&hellip;]<\/p>\n","protected":false},"author":1,"featured_media":0,"parent":0,"menu_order":0,"comment_status":"closed","ping_status":"closed","template":"","meta":{"footnotes":""},"class_list":["post-15","page","type-page","status-publish","hentry"],"_links":{"self":[{"href":"http:\/\/visit-wilderness.com\/no\/wp-json\/wp\/v2\/pages\/15","targetHints":{"allow":["GET"]}}],"collection":[{"href":"http:\/\/visit-wilderness.com\/no\/wp-json\/wp\/v2\/pages"}],"about":[{"href":"http:\/\/visit-wilderness.com\/no\/wp-json\/wp\/v2\/types\/page"}],"author":[{"embeddable":true,"href":"http:\/\/visit-wilderness.com\/no\/wp-json\/wp\/v2\/users\/1"}],"replies":[{"embeddable":true,"href":"http:\/\/visit-wilderness.com\/no\/wp-json\/wp\/v2\/comments?post=15"}],"version-history":[{"count":9,"href":"http:\/\/visit-wilderness.com\/no\/wp-json\/wp\/v2\/pages\/15\/revisions"}],"predecessor-version":[{"id":289,"href":"http:\/\/visit-wilderness.com\/no\/wp-json\/wp\/v2\/pages\/15\/revisions\/289"}],"wp:attachment":[{"href":"http:\/\/visit-wilderness.com\/no\/wp-json\/wp\/v2\/media?parent=15"}],"curies":[{"name":"wp","href":"https:\/\/api.w.org\/{rel}","templated":true}]}}