{"id":21,"date":"2021-02-09T00:51:07","date_gmt":"2021-02-08T23:51:07","guid":{"rendered":"http:\/\/visit-wilderness.com\/no\/?page_id=21"},"modified":"2025-06-03T19:32:16","modified_gmt":"2025-06-03T17:32:16","slug":"hytter","status":"publish","type":"page","link":"http:\/\/visit-wilderness.com\/no\/hytter\/","title":{"rendered":"Hytter \/ Cabins"},"content":{"rendered":"\n<h2 class=\"wp-block-heading\" id=\"tverstoyl-hyttegrend\">Tverst\u00f8yl Hyttegrend \/ <em>Tverst\u00f8yl Cabin camp<\/em><\/h2>\n\n\n\n<p><strong>Saison mai til oktober &#8211; booking direkte<\/strong> <strong>hos visit wilderness eller p\u00e5 booking.com<\/strong><\/p>\n\n\n\n<p>En nydelig plass i naturen! Her kan du slappe av og f\u00e5 god tid for deg selv. Kanskje du vil tar ein tur rett in i naturen og booke noe aktiviteter hos oss.<\/p>\n\n\n\n<p><em>A beautiful place in nature! Here you can relax and enjoy some time for yourself. Maybe you would like to go for a hike through the nature of Norway and book some activities with us. <\/em><\/p>\n\n\n\n<p>Hyttene \/ <em>The Cabins<\/em>:<\/p>\n\n\n\n<ul class=\"wp-block-list\">\n<li>1 liten gammeldags hytte fra 1900 (18 m2) &#8211; et rom med&nbsp;3 soveplasser i k\u00f8yeseng, minikj\u00f8kken, str\u00f8m \/ <em>1 small cabin built in 1900 (18 m2) &#8211; one room accomodating 3 people in bunk beds, smal kitchen, elektisity <\/em>\n<ul class=\"wp-block-list\">\n<li><strong>480,-kr\/natt<\/strong> \/ <em>night <\/em> &#8211; vask hytte selv\/<em> cleaning by yourselv<\/em><\/li>\n<\/ul>\n<\/li>\n\n\n\n<li>5 store Hytter (45 m2) med 2 soverom, med 1 k\u00f8yeseng og 2 enkelt senger til 4-5 personer (i noen av hyttene har vi sovesofa), Minikj\u00f8kken med utstyr til  pers., str\u00f8m \/ <em>5 large cabins (45 m2) with 2 bedrooms, with 1 bunk bed and 2 single beds for 4-5 people (some cabins include a sofa bed)<\/em>, smal kitchen, elektrisity\n<ul class=\"wp-block-list\">\n<li><strong>650,-kr\/natt<\/strong> \/ <em>night<\/em> &#8211; vask hytte selv\/ <em>cleaning by yourselv<\/em><\/li>\n<\/ul>\n<\/li>\n\n\n\n<li>ved flere netter beregner vi str\u00f8m separat (m\u00e5ler) \/ <em>for a longer stay we will calculate electricity costs separately (meter reading)<\/em>, du kan bestille vask 200,- kr og senget\u00f8y 150,- kr per sett<\/li>\n<\/ul>\n\n\n\n<p><strong>Felles sanit\u00e6rbygg med WC og dusj , ikke innlagt vann i hyttene!! Ta med senget\u00f8y! \/ <em>There is a joint sanitary building with toilets and showers, as there is no running water in the cabins!! Have with you bed sheets. <\/em><\/strong><\/p>\n\n\n\n<p>Lekeplass til barn, stor lavvo til grilling og b\u00e5l. T\u00f8mmerhus badstue med vedfyring. \/ <em>The camp includes a playground for children, a large tipi for BBQs and fires and a log cabin sauna with a wood oven.<\/em><\/p>\n\n\n\n<figure class=\"wp-block-gallery has-nested-images columns-2 wp-block-gallery-1 is-layout-flex wp-block-gallery-is-layout-flex\">\n<figure class=\"wp-block-image size-large\"><img loading=\"lazy\" decoding=\"async\" width=\"900\" height=\"795\" data-id=\"147\" src=\"http:\/\/visit-wilderness.com\/no\/wp-content\/uploads\/sites\/2\/2021\/02\/Hu\u0308ttendorf-4.jpg\" alt=\"\" class=\"wp-image-147\" srcset=\"http:\/\/visit-wilderness.com\/no\/wp-content\/uploads\/sites\/2\/2021\/02\/Hu\u0308ttendorf-4.jpg 900w, http:\/\/visit-wilderness.com\/no\/wp-content\/uploads\/sites\/2\/2021\/02\/Hu\u0308ttendorf-4-300x265.jpg 300w, http:\/\/visit-wilderness.com\/no\/wp-content\/uploads\/sites\/2\/2021\/02\/Hu\u0308ttendorf-4-768x678.jpg 768w\" sizes=\"auto, (max-width: 900px) 100vw, 900px\" \/><figcaption class=\"wp-element-caption\">Stor hytte \/ <em>Large cabin<\/em><\/figcaption><\/figure>\n\n\n\n<figure class=\"wp-block-image size-large\"><img loading=\"lazy\" decoding=\"async\" width=\"900\" height=\"795\" data-id=\"146\" src=\"http:\/\/visit-wilderness.com\/no\/wp-content\/uploads\/sites\/2\/2021\/02\/Hu\u0308ttendorf-2.jpg\" alt=\"\" class=\"wp-image-146\" srcset=\"http:\/\/visit-wilderness.com\/no\/wp-content\/uploads\/sites\/2\/2021\/02\/Hu\u0308ttendorf-2.jpg 900w, http:\/\/visit-wilderness.com\/no\/wp-content\/uploads\/sites\/2\/2021\/02\/Hu\u0308ttendorf-2-300x265.jpg 300w, http:\/\/visit-wilderness.com\/no\/wp-content\/uploads\/sites\/2\/2021\/02\/Hu\u0308ttendorf-2-768x678.jpg 768w\" sizes=\"auto, (max-width: 900px) 100vw, 900px\" \/><figcaption class=\"wp-element-caption\">Stor hytte interi\u00f8r \/ <em>Large cabin<\/em> <em>interior<\/em><\/figcaption><\/figure>\n\n\n\n<figure class=\"wp-block-image size-large\"><img loading=\"lazy\" decoding=\"async\" width=\"2560\" height=\"1440\" data-id=\"224\" src=\"http:\/\/visit-wilderness.com\/no\/wp-content\/uploads\/sites\/2\/2023\/01\/IMG_9086-scaled.jpg\" alt=\"\" class=\"wp-image-224\" srcset=\"http:\/\/visit-wilderness.com\/no\/wp-content\/uploads\/sites\/2\/2023\/01\/IMG_9086-scaled.jpg 2560w, http:\/\/visit-wilderness.com\/no\/wp-content\/uploads\/sites\/2\/2023\/01\/IMG_9086-300x169.jpg 300w, http:\/\/visit-wilderness.com\/no\/wp-content\/uploads\/sites\/2\/2023\/01\/IMG_9086-1024x576.jpg 1024w, http:\/\/visit-wilderness.com\/no\/wp-content\/uploads\/sites\/2\/2023\/01\/IMG_9086-768x432.jpg 768w, http:\/\/visit-wilderness.com\/no\/wp-content\/uploads\/sites\/2\/2023\/01\/IMG_9086-1536x864.jpg 1536w, http:\/\/visit-wilderness.com\/no\/wp-content\/uploads\/sites\/2\/2023\/01\/IMG_9086-2048x1152.jpg 2048w\" sizes=\"auto, (max-width: 2560px) 100vw, 2560px\" \/><\/figure>\n<\/figure>\n\n\n\n<figure class=\"wp-block-gallery has-nested-images columns-2 is-cropped wp-block-gallery-2 is-layout-flex wp-block-gallery-is-layout-flex\">\n<figure class=\"wp-block-image size-large\"><img loading=\"lazy\" decoding=\"async\" width=\"1024\" height=\"576\" data-id=\"218\" src=\"http:\/\/visit-wilderness.com\/no\/wp-content\/uploads\/sites\/2\/2023\/01\/IMG_9053-1-1024x576.jpg\" alt=\"\" class=\"wp-image-218\" srcset=\"http:\/\/visit-wilderness.com\/no\/wp-content\/uploads\/sites\/2\/2023\/01\/IMG_9053-1-1024x576.jpg 1024w, http:\/\/visit-wilderness.com\/no\/wp-content\/uploads\/sites\/2\/2023\/01\/IMG_9053-1-300x169.jpg 300w, http:\/\/visit-wilderness.com\/no\/wp-content\/uploads\/sites\/2\/2023\/01\/IMG_9053-1-768x432.jpg 768w, http:\/\/visit-wilderness.com\/no\/wp-content\/uploads\/sites\/2\/2023\/01\/IMG_9053-1-1536x864.jpg 1536w, http:\/\/visit-wilderness.com\/no\/wp-content\/uploads\/sites\/2\/2023\/01\/IMG_9053-1-2048x1152.jpg 2048w\" sizes=\"auto, (max-width: 1024px) 100vw, 1024px\" \/><\/figure>\n\n\n\n<figure class=\"wp-block-image size-large\"><img loading=\"lazy\" decoding=\"async\" width=\"1024\" height=\"576\" data-id=\"219\" src=\"http:\/\/visit-wilderness.com\/no\/wp-content\/uploads\/sites\/2\/2023\/01\/IMG_9055-1024x576.jpg\" alt=\"\" class=\"wp-image-219\" srcset=\"http:\/\/visit-wilderness.com\/no\/wp-content\/uploads\/sites\/2\/2023\/01\/IMG_9055-1024x576.jpg 1024w, http:\/\/visit-wilderness.com\/no\/wp-content\/uploads\/sites\/2\/2023\/01\/IMG_9055-300x169.jpg 300w, http:\/\/visit-wilderness.com\/no\/wp-content\/uploads\/sites\/2\/2023\/01\/IMG_9055-768x432.jpg 768w, http:\/\/visit-wilderness.com\/no\/wp-content\/uploads\/sites\/2\/2023\/01\/IMG_9055-1536x864.jpg 1536w, http:\/\/visit-wilderness.com\/no\/wp-content\/uploads\/sites\/2\/2023\/01\/IMG_9055-2048x1152.jpg 2048w\" sizes=\"auto, (max-width: 1024px) 100vw, 1024px\" \/><\/figure>\n\n\n\n<figure class=\"wp-block-image size-large\"><img loading=\"lazy\" decoding=\"async\" width=\"1024\" height=\"768\" data-id=\"220\" src=\"http:\/\/visit-wilderness.com\/no\/wp-content\/uploads\/sites\/2\/2023\/01\/146_4683-1024x768.jpg\" alt=\"\" class=\"wp-image-220\" srcset=\"http:\/\/visit-wilderness.com\/no\/wp-content\/uploads\/sites\/2\/2023\/01\/146_4683-1024x768.jpg 1024w, http:\/\/visit-wilderness.com\/no\/wp-content\/uploads\/sites\/2\/2023\/01\/146_4683-300x225.jpg 300w, http:\/\/visit-wilderness.com\/no\/wp-content\/uploads\/sites\/2\/2023\/01\/146_4683-768x576.jpg 768w, http:\/\/visit-wilderness.com\/no\/wp-content\/uploads\/sites\/2\/2023\/01\/146_4683-1536x1152.jpg 1536w, http:\/\/visit-wilderness.com\/no\/wp-content\/uploads\/sites\/2\/2023\/01\/146_4683.jpg 2048w\" sizes=\"auto, (max-width: 1024px) 100vw, 1024px\" \/><\/figure>\n\n\n\n<figure class=\"wp-block-image size-large\"><img loading=\"lazy\" decoding=\"async\" width=\"1024\" height=\"768\" data-id=\"221\" src=\"http:\/\/visit-wilderness.com\/no\/wp-content\/uploads\/sites\/2\/2023\/01\/195_9583-1024x768.jpg\" alt=\"\" class=\"wp-image-221\" srcset=\"http:\/\/visit-wilderness.com\/no\/wp-content\/uploads\/sites\/2\/2023\/01\/195_9583-1024x768.jpg 1024w, http:\/\/visit-wilderness.com\/no\/wp-content\/uploads\/sites\/2\/2023\/01\/195_9583-300x225.jpg 300w, http:\/\/visit-wilderness.com\/no\/wp-content\/uploads\/sites\/2\/2023\/01\/195_9583-768x576.jpg 768w, http:\/\/visit-wilderness.com\/no\/wp-content\/uploads\/sites\/2\/2023\/01\/195_9583-1536x1152.jpg 1536w, http:\/\/visit-wilderness.com\/no\/wp-content\/uploads\/sites\/2\/2023\/01\/195_9583.jpg 2048w\" sizes=\"auto, (max-width: 1024px) 100vw, 1024px\" \/><\/figure>\n<figcaption class=\"blocks-gallery-caption wp-element-caption\">Liten gammeldags hytte <em>\/ Small cabin<\/em><br><br><br><\/figcaption><\/figure>\n\n\n\n<figure class=\"wp-block-gallery has-nested-images columns-2 is-cropped wp-block-gallery-3 is-layout-flex wp-block-gallery-is-layout-flex\">\n<figure class=\"wp-block-image size-large\"><img loading=\"lazy\" decoding=\"async\" width=\"900\" height=\"795\" data-id=\"149\" src=\"http:\/\/visit-wilderness.com\/no\/wp-content\/uploads\/sites\/2\/2021\/02\/Hu\u0308ttendorf-3.jpg\" alt=\"\" class=\"wp-image-149\" srcset=\"http:\/\/visit-wilderness.com\/no\/wp-content\/uploads\/sites\/2\/2021\/02\/Hu\u0308ttendorf-3.jpg 900w, http:\/\/visit-wilderness.com\/no\/wp-content\/uploads\/sites\/2\/2021\/02\/Hu\u0308ttendorf-3-300x265.jpg 300w, http:\/\/visit-wilderness.com\/no\/wp-content\/uploads\/sites\/2\/2021\/02\/Hu\u0308ttendorf-3-768x678.jpg 768w\" sizes=\"auto, (max-width: 900px) 100vw, 900px\" \/><figcaption class=\"wp-element-caption\">Lekeplass \/ <em>Playground<\/em><\/figcaption><\/figure>\n\n\n\n<figure class=\"wp-block-image size-large\"><img loading=\"lazy\" decoding=\"async\" width=\"2560\" height=\"1440\" data-id=\"222\" src=\"http:\/\/visit-wilderness.com\/no\/wp-content\/uploads\/sites\/2\/2023\/01\/IMG_9094-scaled.jpg\" alt=\"\" class=\"wp-image-222\" srcset=\"http:\/\/visit-wilderness.com\/no\/wp-content\/uploads\/sites\/2\/2023\/01\/IMG_9094-scaled.jpg 2560w, http:\/\/visit-wilderness.com\/no\/wp-content\/uploads\/sites\/2\/2023\/01\/IMG_9094-300x169.jpg 300w, http:\/\/visit-wilderness.com\/no\/wp-content\/uploads\/sites\/2\/2023\/01\/IMG_9094-1024x576.jpg 1024w, http:\/\/visit-wilderness.com\/no\/wp-content\/uploads\/sites\/2\/2023\/01\/IMG_9094-768x432.jpg 768w, http:\/\/visit-wilderness.com\/no\/wp-content\/uploads\/sites\/2\/2023\/01\/IMG_9094-1536x864.jpg 1536w, http:\/\/visit-wilderness.com\/no\/wp-content\/uploads\/sites\/2\/2023\/01\/IMG_9094-2048x1152.jpg 2048w\" sizes=\"auto, (max-width: 2560px) 100vw, 2560px\" \/><figcaption class=\"wp-element-caption\">Badstue \/ <em>Sauna<\/em><\/figcaption><\/figure>\n\n\n\n<figure class=\"wp-block-image size-large\"><img loading=\"lazy\" decoding=\"async\" width=\"2048\" height=\"1536\" data-id=\"223\" src=\"http:\/\/visit-wilderness.com\/no\/wp-content\/uploads\/sites\/2\/2023\/01\/158_5846.jpg\" alt=\"\" class=\"wp-image-223\" srcset=\"http:\/\/visit-wilderness.com\/no\/wp-content\/uploads\/sites\/2\/2023\/01\/158_5846.jpg 2048w, http:\/\/visit-wilderness.com\/no\/wp-content\/uploads\/sites\/2\/2023\/01\/158_5846-300x225.jpg 300w, http:\/\/visit-wilderness.com\/no\/wp-content\/uploads\/sites\/2\/2023\/01\/158_5846-1024x768.jpg 1024w, http:\/\/visit-wilderness.com\/no\/wp-content\/uploads\/sites\/2\/2023\/01\/158_5846-768x576.jpg 768w, http:\/\/visit-wilderness.com\/no\/wp-content\/uploads\/sites\/2\/2023\/01\/158_5846-1536x1152.jpg 1536w\" sizes=\"auto, (max-width: 2048px) 100vw, 2048px\" \/><figcaption class=\"wp-element-caption\">Lavvo \/ <em>Tipi<\/em><\/figcaption><\/figure>\n<\/figure>\n\n\n\n<p><\/p>\n","protected":false},"excerpt":{"rendered":"<p>Tverst\u00f8yl Hyttegrend \/ Tverst\u00f8yl Cabin camp Saison mai til oktober &#8211; booking direkte hos visit wilderness eller p\u00e5 booking.com En nydelig plass i naturen! Her kan du slappe av og f\u00e5 god tid for deg selv. Kanskje du vil tar ein tur rett in i naturen og booke noe aktiviteter hos oss. A beautiful place [&hellip;]<\/p>\n","protected":false},"author":1,"featured_media":0,"parent":0,"menu_order":0,"comment_status":"closed","ping_status":"closed","template":"","meta":{"footnotes":""},"class_list":["post-21","page","type-page","status-publish","hentry"],"_links":{"self":[{"href":"http:\/\/visit-wilderness.com\/no\/wp-json\/wp\/v2\/pages\/21","targetHints":{"allow":["GET"]}}],"collection":[{"href":"http:\/\/visit-wilderness.com\/no\/wp-json\/wp\/v2\/pages"}],"about":[{"href":"http:\/\/visit-wilderness.com\/no\/wp-json\/wp\/v2\/types\/page"}],"author":[{"embeddable":true,"href":"http:\/\/visit-wilderness.com\/no\/wp-json\/wp\/v2\/users\/1"}],"replies":[{"embeddable":true,"href":"http:\/\/visit-wilderness.com\/no\/wp-json\/wp\/v2\/comments?post=21"}],"version-history":[{"count":10,"href":"http:\/\/visit-wilderness.com\/no\/wp-json\/wp\/v2\/pages\/21\/revisions"}],"predecessor-version":[{"id":297,"href":"http:\/\/visit-wilderness.com\/no\/wp-json\/wp\/v2\/pages\/21\/revisions\/297"}],"wp:attachment":[{"href":"http:\/\/visit-wilderness.com\/no\/wp-json\/wp\/v2\/media?parent=21"}],"curies":[{"name":"wp","href":"https:\/\/api.w.org\/{rel}","templated":true}]}}