{"id":19,"date":"2021-02-09T00:50:52","date_gmt":"2021-02-08T23:50:52","guid":{"rendered":"http:\/\/visit-wilderness.com\/no\/?page_id=19"},"modified":"2024-03-21T18:34:19","modified_gmt":"2024-03-21T17:34:19","slug":"kano","status":"publish","type":"page","link":"https:\/\/visit-wilderness.com\/no\/kano\/","title":{"rendered":"Kano \/ Canoe"},"content":{"rendered":"\n<p>Kanopadling p\u00e5 familievennlige Nidelva, oppleve naturen p\u00e5 en annet m\u00e5te! Fine sandstrender finner du langs elva. Ta en pause og bade litt.  <\/p>\n\n\n\n<p><em>Canoeing down the quite river Nidelva, to experience the nature of Norway in a different way! There are beautiful beaches along the Nidelv where you can take breaks and go swimming.   <\/em><\/p>\n\n\n\n<p>Guidet turer fra 3 timer opp til flere dager. \/ <em>Guided tours from 3 hours up to multiple days.<\/em><\/p>\n\n\n\n<figure class=\"wp-block-gallery has-nested-images columns-default is-cropped wp-block-gallery-1 is-layout-flex wp-block-gallery-is-layout-flex\">\n<figure class=\"wp-block-image size-large\"><img loading=\"lazy\" decoding=\"async\" width=\"1024\" height=\"768\" data-id=\"240\" src=\"http:\/\/visit-wilderness.com\/no\/wp-content\/uploads\/sites\/2\/2023\/01\/150_5064-1024x768.jpg\" alt=\"\" class=\"wp-image-240\" srcset=\"https:\/\/visit-wilderness.com\/no\/wp-content\/uploads\/sites\/2\/2023\/01\/150_5064-1024x768.jpg 1024w, https:\/\/visit-wilderness.com\/no\/wp-content\/uploads\/sites\/2\/2023\/01\/150_5064-300x225.jpg 300w, https:\/\/visit-wilderness.com\/no\/wp-content\/uploads\/sites\/2\/2023\/01\/150_5064-768x576.jpg 768w, https:\/\/visit-wilderness.com\/no\/wp-content\/uploads\/sites\/2\/2023\/01\/150_5064-1536x1152.jpg 1536w, https:\/\/visit-wilderness.com\/no\/wp-content\/uploads\/sites\/2\/2023\/01\/150_5064.jpg 2048w\" sizes=\"auto, (max-width: 1024px) 100vw, 1024px\" \/><\/figure>\n\n\n\n<figure class=\"wp-block-image size-large\"><img loading=\"lazy\" decoding=\"async\" width=\"1024\" height=\"768\" data-id=\"239\" src=\"http:\/\/visit-wilderness.com\/no\/wp-content\/uploads\/sites\/2\/2023\/01\/153_5367-1024x768.jpg\" alt=\"\" class=\"wp-image-239\" srcset=\"https:\/\/visit-wilderness.com\/no\/wp-content\/uploads\/sites\/2\/2023\/01\/153_5367-1024x768.jpg 1024w, https:\/\/visit-wilderness.com\/no\/wp-content\/uploads\/sites\/2\/2023\/01\/153_5367-300x225.jpg 300w, https:\/\/visit-wilderness.com\/no\/wp-content\/uploads\/sites\/2\/2023\/01\/153_5367-768x576.jpg 768w, https:\/\/visit-wilderness.com\/no\/wp-content\/uploads\/sites\/2\/2023\/01\/153_5367-1536x1152.jpg 1536w, https:\/\/visit-wilderness.com\/no\/wp-content\/uploads\/sites\/2\/2023\/01\/153_5367.jpg 2048w\" sizes=\"auto, (max-width: 1024px) 100vw, 1024px\" \/><\/figure>\n\n\n\n<figure class=\"wp-block-image size-large\"><img loading=\"lazy\" decoding=\"async\" width=\"1024\" height=\"768\" data-id=\"241\" src=\"http:\/\/visit-wilderness.com\/no\/wp-content\/uploads\/sites\/2\/2023\/01\/P1070567-1024x768.jpg\" alt=\"\" class=\"wp-image-241\" srcset=\"https:\/\/visit-wilderness.com\/no\/wp-content\/uploads\/sites\/2\/2023\/01\/P1070567-1024x768.jpg 1024w, https:\/\/visit-wilderness.com\/no\/wp-content\/uploads\/sites\/2\/2023\/01\/P1070567-300x225.jpg 300w, https:\/\/visit-wilderness.com\/no\/wp-content\/uploads\/sites\/2\/2023\/01\/P1070567-768x576.jpg 768w, https:\/\/visit-wilderness.com\/no\/wp-content\/uploads\/sites\/2\/2023\/01\/P1070567-1536x1152.jpg 1536w, https:\/\/visit-wilderness.com\/no\/wp-content\/uploads\/sites\/2\/2023\/01\/P1070567-2048x1536.jpg 2048w\" sizes=\"auto, (max-width: 1024px) 100vw, 1024px\" \/><\/figure>\n<\/figure>\n\n\n\n<h3 class=\"wp-block-heading\">Priser \/ <strong><em>Prices<\/em><\/strong><\/h3>\n\n\n\n<figure class=\"wp-block-table is-style-stripes\"><table><tbody><tr><td><strong>Aktivitet eller utleie<\/strong> \/ <strong><em>Activity or rental<\/em><\/strong><\/td><td><strong>Pris \/ Price<\/strong><\/td><\/tr><tr><td>Utleie av utstyr: kano, vest, paddel \/ <em>Rental of equipment: canoe, vest, paddle<\/em><\/td><td>300 kr\/kano\/dag<\/td><\/tr><tr><td>Dagstur med guide (fra 3 personer) \/ <em>day-tour with guide (<\/em>3+ people)<\/td><td>500 kr\/ pers.<\/td><\/tr><tr><td>Transfer til elva i tillegg \/ <em>Drop-off at the river<\/em><\/td><td>Per km<\/td><\/tr><tr><td>Fiskekort (Elvarheim Museum og Pan Garden) \/ <em>Fishing permits<\/em><\/td><td><\/td><\/tr><\/tbody><\/table><\/figure>\n\n\n\n<p>Reint vann med mange fisk inni, det er bare \u00e5 pr\u00f8ve seg med fisking! \/ <em>The water of Nidelva is clear and clean with a lot of fish, with the opportunity to go fishing during your trip! <\/em><\/p>\n\n\n\n<p>Turene er guided p\u00e5 norsk, tysk eller engelsk. Vi tilbyr dags og flerdags aktiviteter og tilpasser oss gjerne \u00f8nskene deres! \/ <em>The tours are quided in norwegian, german or english. We offer single- and multi-day activities and are happy to adjust these to your wants and needs!<\/em><\/p>\n\n\n\n<figure class=\"wp-block-gallery has-nested-images columns-default is-cropped wp-block-gallery-2 is-layout-flex wp-block-gallery-is-layout-flex\">\n<figure class=\"wp-block-image size-large\"><img loading=\"lazy\" decoding=\"async\" width=\"1024\" height=\"678\" data-id=\"242\" src=\"http:\/\/visit-wilderness.com\/no\/wp-content\/uploads\/sites\/2\/2023\/01\/DSC_0029-1024x678.jpg\" alt=\"\" class=\"wp-image-242\" srcset=\"https:\/\/visit-wilderness.com\/no\/wp-content\/uploads\/sites\/2\/2023\/01\/DSC_0029-1024x678.jpg 1024w, https:\/\/visit-wilderness.com\/no\/wp-content\/uploads\/sites\/2\/2023\/01\/DSC_0029-300x199.jpg 300w, https:\/\/visit-wilderness.com\/no\/wp-content\/uploads\/sites\/2\/2023\/01\/DSC_0029-768x509.jpg 768w, https:\/\/visit-wilderness.com\/no\/wp-content\/uploads\/sites\/2\/2023\/01\/DSC_0029-1536x1017.jpg 1536w, https:\/\/visit-wilderness.com\/no\/wp-content\/uploads\/sites\/2\/2023\/01\/DSC_0029-2048x1356.jpg 2048w\" sizes=\"auto, (max-width: 1024px) 100vw, 1024px\" \/><\/figure>\n\n\n\n<figure class=\"wp-block-image size-large\"><img loading=\"lazy\" decoding=\"async\" width=\"1024\" height=\"768\" data-id=\"244\" src=\"http:\/\/visit-wilderness.com\/no\/wp-content\/uploads\/sites\/2\/2023\/01\/20220828_141532-1024x768.jpg\" alt=\"\" class=\"wp-image-244\" srcset=\"https:\/\/visit-wilderness.com\/no\/wp-content\/uploads\/sites\/2\/2023\/01\/20220828_141532-1024x768.jpg 1024w, https:\/\/visit-wilderness.com\/no\/wp-content\/uploads\/sites\/2\/2023\/01\/20220828_141532-300x225.jpg 300w, https:\/\/visit-wilderness.com\/no\/wp-content\/uploads\/sites\/2\/2023\/01\/20220828_141532-768x576.jpg 768w, https:\/\/visit-wilderness.com\/no\/wp-content\/uploads\/sites\/2\/2023\/01\/20220828_141532-1536x1152.jpg 1536w, https:\/\/visit-wilderness.com\/no\/wp-content\/uploads\/sites\/2\/2023\/01\/20220828_141532-2048x1536.jpg 2048w\" sizes=\"auto, (max-width: 1024px) 100vw, 1024px\" \/><\/figure>\n<\/figure>\n","protected":false},"excerpt":{"rendered":"<p>Kanopadling p\u00e5 familievennlige Nidelva, oppleve naturen p\u00e5 en annet m\u00e5te! Fine sandstrender finner du langs elva. Ta en pause og bade litt. Canoeing down the quite river Nidelva, to experience the nature of Norway in a different way! There are beautiful beaches along the Nidelv where you can take breaks and go swimming. Guidet turer [&hellip;]<\/p>\n","protected":false},"author":1,"featured_media":0,"parent":0,"menu_order":0,"comment_status":"closed","ping_status":"closed","template":"","meta":{"footnotes":""},"class_list":["post-19","page","type-page","status-publish","hentry"],"_links":{"self":[{"href":"https:\/\/visit-wilderness.com\/no\/wp-json\/wp\/v2\/pages\/19","targetHints":{"allow":["GET"]}}],"collection":[{"href":"https:\/\/visit-wilderness.com\/no\/wp-json\/wp\/v2\/pages"}],"about":[{"href":"https:\/\/visit-wilderness.com\/no\/wp-json\/wp\/v2\/types\/page"}],"author":[{"embeddable":true,"href":"https:\/\/visit-wilderness.com\/no\/wp-json\/wp\/v2\/users\/1"}],"replies":[{"embeddable":true,"href":"https:\/\/visit-wilderness.com\/no\/wp-json\/wp\/v2\/comments?post=19"}],"version-history":[{"count":9,"href":"https:\/\/visit-wilderness.com\/no\/wp-json\/wp\/v2\/pages\/19\/revisions"}],"predecessor-version":[{"id":286,"href":"https:\/\/visit-wilderness.com\/no\/wp-json\/wp\/v2\/pages\/19\/revisions\/286"}],"wp:attachment":[{"href":"https:\/\/visit-wilderness.com\/no\/wp-json\/wp\/v2\/media?parent=19"}],"curies":[{"name":"wp","href":"https:\/\/api.w.org\/{rel}","templated":true}]}}